{"id":122,"date":"2025-04-14T06:26:13","date_gmt":"2025-04-14T03:26:13","guid":{"rendered":"https:\/\/mtmobilya.cyberadigital.com\/?page_id=122"},"modified":"2025-04-14T06:43:44","modified_gmt":"2025-04-14T03:43:44","slug":"ana-sayfa","status":"publish","type":"page","link":"https:\/\/mtmobilya.com\/","title":{"rendered":"Ana Sayfa"},"content":{"rendered":"\t\t<div data-elementor-type=\"wp-page\" data-elementor-id=\"122\" class=\"elementor elementor-122\">\n\t\t\t\t\t\t<section class=\"elementor-section elementor-top-section elementor-element elementor-element-1a8f2773 elementor-reverse-mobile elementor-section-boxed elementor-section-height-default elementor-section-height-default\" data-id=\"1a8f2773\" data-element_type=\"section\" data-settings=\"{&quot;background_background&quot;:&quot;classic&quot;}\">\n\t\t\t\t\t\t\t<div class=\"elementor-background-overlay\"><\/div>\n\t\t\t\t\t\t\t<div class=\"elementor-container elementor-column-gap-default\">\n\t\t\t\t\t<div class=\"elementor-column elementor-col-50 elementor-top-column elementor-element elementor-element-9524ddf\" data-id=\"9524ddf\" data-element_type=\"column\">\n\t\t\t<div class=\"elementor-widget-wrap elementor-element-populated\">\n\t\t\t\t\t\t<div class=\"elementor-element elementor-element-67ea2374 elementor-invisible elementor-widget elementor-widget-heading\" data-id=\"67ea2374\" data-element_type=\"widget\" data-settings=\"{&quot;_animation&quot;:&quot;fadeInUp&quot;}\" data-widget_type=\"heading.default\">\n\t\t\t\t<div class=\"elementor-widget-container\">\n\t\t\t\t\t<h1 class=\"elementor-heading-title elementor-size-default\">\u00d6zg\u00fcn Tasar\u0131mlar\u0131n Bulu\u015fma Noktas\u0131<\/h1>\t\t\t\t<\/div>\n\t\t\t\t<\/div>\n\t\t\t\t<div class=\"elementor-element elementor-element-6b43e8af elementor-invisible elementor-widget elementor-widget-heading\" data-id=\"6b43e8af\" data-element_type=\"widget\" data-settings=\"{&quot;_animation&quot;:&quot;fadeInUp&quot;}\" data-widget_type=\"heading.default\">\n\t\t\t\t<div class=\"elementor-widget-container\">\n\t\t\t\t\t<h2 class=\"elementor-heading-title elementor-size-default\">Zamana Meydan Okuyan \u00d6zg\u00fcn Tasar\u0131mlar<\/h2>\t\t\t\t<\/div>\n\t\t\t\t<\/div>\n\t\t\t\t<div class=\"elementor-element elementor-element-24ead0d0 elementor-invisible elementor-widget elementor-widget-text-editor\" data-id=\"24ead0d0\" data-element_type=\"widget\" data-settings=\"{&quot;_animation&quot;:&quot;fadeIn&quot;}\" data-widget_type=\"text-editor.default\">\n\t\t\t\t<div class=\"elementor-widget-container\">\n\t\t\t\t\t\t\t\t\t<p>Her detay\u0131nda ustal\u0131\u011f\u0131n izini ta\u015f\u0131yan, tamamen size \u00f6zel mobilya tasar\u0131mlar\u0131yla ya\u015fam alanlar\u0131n\u0131za karakter kat\u0131yoruz.<\/p>\t\t\t\t\t\t\t\t<\/div>\n\t\t\t\t<\/div>\n\t\t\t\t<section class=\"elementor-section elementor-inner-section elementor-element elementor-element-f160734 elementor-section-boxed elementor-section-height-default elementor-section-height-default\" data-id=\"f160734\" data-element_type=\"section\">\n\t\t\t\t\t\t<div class=\"elementor-container elementor-column-gap-default\">\n\t\t\t\t\t<div class=\"elementor-column elementor-col-100 elementor-inner-column elementor-element elementor-element-547780aa\" data-id=\"547780aa\" data-element_type=\"column\">\n\t\t\t<div class=\"elementor-widget-wrap elementor-element-populated\">\n\t\t\t\t\t\t<div class=\"elementor-element elementor-element-165ec7a3 elementor-mobile-align-center elementor-invisible elementor-widget elementor-widget-button\" data-id=\"165ec7a3\" data-element_type=\"widget\" data-settings=\"{&quot;_animation&quot;:&quot;fadeInLeft&quot;}\" data-widget_type=\"button.default\">\n\t\t\t\t<div class=\"elementor-widget-container\">\n\t\t\t\t\t\t\t\t\t<div class=\"elementor-button-wrapper\">\n\t\t\t\t\t<a class=\"elementor-button elementor-button-link elementor-size-sm\" href=\"#\">\n\t\t\t\t\t\t<span class=\"elementor-button-content-wrapper\">\n\t\t\t\t\t\t\t\t\t<span class=\"elementor-button-text\">Tasar\u0131mlar\u0131m\u0131z<\/span>\n\t\t\t\t\t<\/span>\n\t\t\t\t\t<\/a>\n\t\t\t\t<\/div>\n\t\t\t\t\t\t\t\t<\/div>\n\t\t\t\t<\/div>\n\t\t\t\t\t<\/div>\n\t\t<\/div>\n\t\t\t\t\t<\/div>\n\t\t<\/section>\n\t\t\t\t\t<\/div>\n\t\t<\/div>\n\t\t\t\t<div class=\"elementor-column elementor-col-50 elementor-top-column elementor-element elementor-element-2b19a17b\" data-id=\"2b19a17b\" data-element_type=\"column\">\n\t\t\t<div class=\"elementor-widget-wrap elementor-element-populated\">\n\t\t\t\t\t\t<div class=\"elementor-element elementor-element-3a6abb5a elementor-invisible elementor-widget elementor-widget-image\" data-id=\"3a6abb5a\" data-element_type=\"widget\" data-settings=\"{&quot;_animation&quot;:&quot;fadeIn&quot;}\" data-widget_type=\"image.default\">\n\t\t\t\t<div class=\"elementor-widget-container\">\n\t\t\t\t\t\t\t\t\t\t\t\t\t\t\t<img decoding=\"async\" src=\"https:\/\/mtmobilya.com\/wp-content\/uploads\/elementor\/thumbs\/IMG-20250409-WA0013-r4cimh8q60u2bbkadn3bnf4v6rlt1cgv0zsdkgv9cg.jpg\" title=\"IMG-20250409-WA0013\" alt=\"IMG-20250409-WA0013\" loading=\"lazy\" \/>\t\t\t\t\t\t\t\t\t\t\t\t\t\t\t<\/div>\n\t\t\t\t<\/div>\n\t\t\t\t<div class=\"elementor-element elementor-element-3f71593f elementor-invisible elementor-widget elementor-widget-image\" data-id=\"3f71593f\" data-element_type=\"widget\" data-settings=\"{&quot;_animation&quot;:&quot;fadeIn&quot;}\" data-widget_type=\"image.default\">\n\t\t\t\t<div class=\"elementor-widget-container\">\n\t\t\t\t\t\t\t\t\t\t\t\t\t\t\t<img fetchpriority=\"high\" decoding=\"async\" width=\"1080\" height=\"810\" src=\"https:\/\/mtmobilya.com\/wp-content\/uploads\/2025\/04\/IMG-20250409-WA0008.jpg\" class=\"attachment-full size-full wp-image-136\" alt=\"\" srcset=\"https:\/\/mtmobilya.com\/wp-content\/uploads\/2025\/04\/IMG-20250409-WA0008.jpg 1080w, https:\/\/mtmobilya.com\/wp-content\/uploads\/2025\/04\/IMG-20250409-WA0008-300x225.jpg 300w, https:\/\/mtmobilya.com\/wp-content\/uploads\/2025\/04\/IMG-20250409-WA0008-1024x768.jpg 1024w, https:\/\/mtmobilya.com\/wp-content\/uploads\/2025\/04\/IMG-20250409-WA0008-768x576.jpg 768w\" sizes=\"(max-width: 1080px) 100vw, 1080px\" \/>\t\t\t\t\t\t\t\t\t\t\t\t\t\t\t<\/div>\n\t\t\t\t<\/div>\n\t\t\t\t\t<\/div>\n\t\t<\/div>\n\t\t\t\t\t<\/div>\n\t\t<\/section>\n\t\t<div class=\"elementor-element elementor-element-bd87200 e-flex e-con-boxed e-con e-parent\" data-id=\"bd87200\" data-element_type=\"container\">\n\t\t\t\t\t<div class=\"e-con-inner\">\n\t\t<div class=\"elementor-element elementor-element-5c16bad e-con-full e-flex e-con e-child\" data-id=\"5c16bad\" data-element_type=\"container\">\n\t\t<div class=\"elementor-element elementor-element-5ca126f e-con-full e-flex e-con e-child\" data-id=\"5ca126f\" data-element_type=\"container\">\n\t\t\t\t<div class=\"elementor-element elementor-element-a8ac36d elementor-widget elementor-widget-image\" data-id=\"a8ac36d\" data-element_type=\"widget\" data-widget_type=\"image.default\">\n\t\t\t\t<div class=\"elementor-widget-container\">\n\t\t\t\t\t\t\t\t\t\t\t\t\t\t\t<img decoding=\"async\" width=\"683\" height=\"1024\" src=\"https:\/\/mtmobilya.com\/wp-content\/uploads\/2025\/04\/modern-workplace-at-home-24MLP5Q-683x1024.jpg\" class=\"attachment-large size-large wp-image-27\" alt=\"\" srcset=\"https:\/\/mtmobilya.com\/wp-content\/uploads\/2025\/04\/modern-workplace-at-home-24MLP5Q-683x1024.jpg 683w, https:\/\/mtmobilya.com\/wp-content\/uploads\/2025\/04\/modern-workplace-at-home-24MLP5Q-200x300.jpg 200w, https:\/\/mtmobilya.com\/wp-content\/uploads\/2025\/04\/modern-workplace-at-home-24MLP5Q-768x1152.jpg 768w, https:\/\/mtmobilya.com\/wp-content\/uploads\/2025\/04\/modern-workplace-at-home-24MLP5Q.jpg 800w\" sizes=\"(max-width: 683px) 100vw, 683px\" \/>\t\t\t\t\t\t\t\t\t\t\t\t\t\t\t<\/div>\n\t\t\t\t<\/div>\n\t\t\t\t<\/div>\n\t\t<div class=\"elementor-element elementor-element-d784e47 e-con-full e-flex e-con e-child\" data-id=\"d784e47\" data-element_type=\"container\">\n\t\t\t\t<div class=\"elementor-element elementor-element-7a15607 elementor-widget elementor-widget-image\" data-id=\"7a15607\" data-element_type=\"widget\" data-widget_type=\"image.default\">\n\t\t\t\t<div class=\"elementor-widget-container\">\n\t\t\t\t\t\t\t\t\t\t\t\t\t\t\t<img decoding=\"async\" width=\"683\" height=\"1024\" src=\"https:\/\/mtmobilya.com\/wp-content\/uploads\/2025\/04\/modern-small-bathroom-interior-design-27WP5T5-683x1024.jpg\" class=\"attachment-large size-large wp-image-26\" alt=\"\" srcset=\"https:\/\/mtmobilya.com\/wp-content\/uploads\/2025\/04\/modern-small-bathroom-interior-design-27WP5T5-683x1024.jpg 683w, https:\/\/mtmobilya.com\/wp-content\/uploads\/2025\/04\/modern-small-bathroom-interior-design-27WP5T5-200x300.jpg 200w, https:\/\/mtmobilya.com\/wp-content\/uploads\/2025\/04\/modern-small-bathroom-interior-design-27WP5T5-768x1152.jpg 768w, https:\/\/mtmobilya.com\/wp-content\/uploads\/2025\/04\/modern-small-bathroom-interior-design-27WP5T5.jpg 800w\" sizes=\"(max-width: 683px) 100vw, 683px\" \/>\t\t\t\t\t\t\t\t\t\t\t\t\t\t\t<\/div>\n\t\t\t\t<\/div>\n\t\t\t\t<\/div>\n\t\t\t\t<\/div>\n\t\t<div class=\"elementor-element elementor-element-f673922 e-con-full e-flex e-con e-child\" data-id=\"f673922\" data-element_type=\"container\">\n\t\t\t\t<div class=\"elementor-element elementor-element-09ab4b9 elementor-widget elementor-widget-heading\" data-id=\"09ab4b9\" data-element_type=\"widget\" data-widget_type=\"heading.default\">\n\t\t\t\t<div class=\"elementor-widget-container\">\n\t\t\t\t\t<h2 class=\"elementor-heading-title elementor-size-default\">K\u0131saca Biz<\/h2>\t\t\t\t<\/div>\n\t\t\t\t<\/div>\n\t\t\t\t<div class=\"elementor-element elementor-element-06e063d elementor-widget elementor-widget-heading\" data-id=\"06e063d\" data-element_type=\"widget\" data-widget_type=\"heading.default\">\n\t\t\t\t<div class=\"elementor-widget-container\">\n\t\t\t\t\t<h2 class=\"elementor-heading-title elementor-size-default\">Yenilik ve Kalitenin Bulu\u015fma Noktas\u0131<\/h2>\t\t\t\t<\/div>\n\t\t\t\t<\/div>\n\t\t\t\t<div class=\"elementor-element elementor-element-3e1aaa4 elementor-widget elementor-widget-text-editor\" data-id=\"3e1aaa4\" data-element_type=\"widget\" data-widget_type=\"text-editor.default\">\n\t\t\t\t<div class=\"elementor-widget-container\">\n\t\t\t\t\t\t\t\t\t<p>MT MOB\u0130LYA TASARIM, 30 y\u0131ll\u0131k birikim ve sonsuz a\u015fk ile 2020\u2019de mobilya sekt\u00f6r\u00fcne ad\u0131m atm\u0131\u015ft\u0131r. Gen\u00e7, dinamik ve tecr\u00fcbeli ekibiyle yurt i\u00e7i ve yurt d\u0131\u015f\u0131 projelerinde m\u00fc\u015fteri memnuniyetini ve \u2018\u2019D\u00fcr\u00fcst Ticaret \u2013 Kaliteli \u0130\u015f\u00e7ilik\u2019\u2019 prensibini \u00f6nceliklendirerek h\u0131zla b\u00fcy\u00fcmektedir. 1000M2 ve 2500M2\u2019lik tesislerimizde, metal \u00fcretimi, mobilya, boyama ve d\u00f6\u015feme hizmetleri sunuyoruz. Misyonumuz; \u00f6zg\u00fcn ve kaliteli projelerle m\u00fc\u015fteri beklentilerini kar\u015f\u0131lamak, \u00fcr\u00fcnlerimizi do\u011fru ve zaman\u0131nda ula\u015ft\u0131rmakt\u0131r. Vizyonumuz ise yenilik\u00e7i anlay\u0131\u015f\u0131m\u0131z ve \u00fcr\u00fcn kalitemizle, yurti\u00e7i ve yurtd\u0131\u015f\u0131nda tercih edilen \u00f6nc\u00fc bir marka olmakt\u0131r.<\/p>\t\t\t\t\t\t\t\t<\/div>\n\t\t\t\t<\/div>\n\t\t\t\t<\/div>\n\t\t\t\t\t<\/div>\n\t\t\t\t<\/div>\n\t\t\t\t<section class=\"elementor-section elementor-top-section elementor-element elementor-element-67922e21 elementor-section-full_width elementor-section-height-default elementor-section-height-default\" data-id=\"67922e21\" data-element_type=\"section\" data-settings=\"{&quot;background_background&quot;:&quot;classic&quot;}\">\n\t\t\t\t\t\t\t<div class=\"elementor-background-overlay\"><\/div>\n\t\t\t\t\t\t\t<div class=\"elementor-container elementor-column-gap-default\">\n\t\t\t\t\t<div class=\"elementor-column elementor-col-50 elementor-top-column elementor-element elementor-element-4838c31b\" data-id=\"4838c31b\" data-element_type=\"column\">\n\t\t\t<div class=\"elementor-widget-wrap\">\n\t\t\t\t\t\t\t<\/div>\n\t\t<\/div>\n\t\t\t\t<div class=\"elementor-column elementor-col-50 elementor-top-column elementor-element elementor-element-2b720423\" data-id=\"2b720423\" data-element_type=\"column\" data-settings=\"{&quot;background_background&quot;:&quot;classic&quot;}\">\n\t\t\t<div class=\"elementor-widget-wrap elementor-element-populated\">\n\t\t\t\t\t<div class=\"elementor-background-overlay\"><\/div>\n\t\t\t\t\t\t<div class=\"elementor-element elementor-element-cf0a5dd elementor-widget elementor-widget-spacer\" data-id=\"cf0a5dd\" data-element_type=\"widget\" data-widget_type=\"spacer.default\">\n\t\t\t\t<div class=\"elementor-widget-container\">\n\t\t\t\t\t\t\t<div class=\"elementor-spacer\">\n\t\t\t<div class=\"elementor-spacer-inner\"><\/div>\n\t\t<\/div>\n\t\t\t\t\t\t<\/div>\n\t\t\t\t<\/div>\n\t\t\t\t\t<\/div>\n\t\t<\/div>\n\t\t\t\t\t<\/div>\n\t\t<\/section>\n\t\t\t\t<section class=\"elementor-section elementor-top-section elementor-element elementor-element-21966ea0 elementor-section-boxed elementor-section-height-default elementor-section-height-default\" data-id=\"21966ea0\" data-element_type=\"section\" data-settings=\"{&quot;background_background&quot;:&quot;classic&quot;}\">\n\t\t\t\t\t\t\t<div class=\"elementor-background-overlay\"><\/div>\n\t\t\t\t\t\t\t<div class=\"elementor-container elementor-column-gap-default\">\n\t\t\t\t\t<div class=\"elementor-column elementor-col-100 elementor-top-column elementor-element elementor-element-6212faf1\" data-id=\"6212faf1\" data-element_type=\"column\">\n\t\t\t<div class=\"elementor-widget-wrap elementor-element-populated\">\n\t\t\t\t\t\t<div class=\"elementor-element elementor-element-13b53b09 elementor-invisible elementor-widget elementor-widget-heading\" data-id=\"13b53b09\" data-element_type=\"widget\" data-settings=\"{&quot;_animation&quot;:&quot;fadeInUp&quot;}\" data-widget_type=\"heading.default\">\n\t\t\t\t<div class=\"elementor-widget-container\">\n\t\t\t\t\t<h2 class=\"elementor-heading-title elementor-size-default\">Baz\u0131 Tasar\u0131mlar\u0131m\u0131z<\/h2>\t\t\t\t<\/div>\n\t\t\t\t<\/div>\n\t\t\t\t<section class=\"elementor-section elementor-inner-section elementor-element elementor-element-1d649195 elementor-section-boxed elementor-section-height-default elementor-section-height-default elementor-invisible\" data-id=\"1d649195\" data-element_type=\"section\" data-settings=\"{&quot;animation&quot;:&quot;fadeIn&quot;}\">\n\t\t\t\t\t\t<div class=\"elementor-container elementor-column-gap-default\">\n\t\t\t\t\t<div class=\"elementor-column elementor-col-25 elementor-inner-column elementor-element elementor-element-492e34b5\" data-id=\"492e34b5\" data-element_type=\"column\">\n\t\t\t<div class=\"elementor-widget-wrap elementor-element-populated\">\n\t\t\t\t\t\t<div class=\"elementor-element elementor-element-734d4e38 elementor-widget elementor-widget-image\" data-id=\"734d4e38\" data-element_type=\"widget\" data-widget_type=\"image.default\">\n\t\t\t\t<div class=\"elementor-widget-container\">\n\t\t\t\t\t\t\t\t\t\t\t\t\t\t\t<img loading=\"lazy\" decoding=\"async\" width=\"768\" height=\"1024\" src=\"https:\/\/mtmobilya.com\/wp-content\/uploads\/2025\/04\/IMG-20250409-WA0007-768x1024.jpg\" class=\"attachment-large size-large wp-image-135\" alt=\"\" srcset=\"https:\/\/mtmobilya.com\/wp-content\/uploads\/2025\/04\/IMG-20250409-WA0007-768x1024.jpg 768w, https:\/\/mtmobilya.com\/wp-content\/uploads\/2025\/04\/IMG-20250409-WA0007-225x300.jpg 225w, https:\/\/mtmobilya.com\/wp-content\/uploads\/2025\/04\/IMG-20250409-WA0007.jpg 1080w\" sizes=\"(max-width: 768px) 100vw, 768px\" \/>\t\t\t\t\t\t\t\t\t\t\t\t\t\t\t<\/div>\n\t\t\t\t<\/div>\n\t\t\t\t<div class=\"elementor-element elementor-element-611f3c7e elementor-widget elementor-widget-image\" data-id=\"611f3c7e\" data-element_type=\"widget\" data-widget_type=\"image.default\">\n\t\t\t\t<div class=\"elementor-widget-container\">\n\t\t\t\t\t\t\t\t\t\t\t\t\t\t\t<img loading=\"lazy\" decoding=\"async\" width=\"800\" height=\"600\" src=\"https:\/\/mtmobilya.com\/wp-content\/uploads\/2025\/04\/IMG-20250409-WA0039-1024x768.jpg\" class=\"attachment-large size-large wp-image-166\" alt=\"\" srcset=\"https:\/\/mtmobilya.com\/wp-content\/uploads\/2025\/04\/IMG-20250409-WA0039-1024x768.jpg 1024w, https:\/\/mtmobilya.com\/wp-content\/uploads\/2025\/04\/IMG-20250409-WA0039-300x225.jpg 300w, https:\/\/mtmobilya.com\/wp-content\/uploads\/2025\/04\/IMG-20250409-WA0039-768x576.jpg 768w, https:\/\/mtmobilya.com\/wp-content\/uploads\/2025\/04\/IMG-20250409-WA0039.jpg 1080w\" sizes=\"(max-width: 800px) 100vw, 800px\" \/>\t\t\t\t\t\t\t\t\t\t\t\t\t\t\t<\/div>\n\t\t\t\t<\/div>\n\t\t\t\t\t<\/div>\n\t\t<\/div>\n\t\t\t\t<div class=\"elementor-column elementor-col-25 elementor-inner-column elementor-element elementor-element-2c88cc6e\" data-id=\"2c88cc6e\" data-element_type=\"column\">\n\t\t\t<div class=\"elementor-widget-wrap elementor-element-populated\">\n\t\t\t\t\t\t<div class=\"elementor-element elementor-element-32425a6 elementor-widget elementor-widget-image\" data-id=\"32425a6\" data-element_type=\"widget\" data-widget_type=\"image.default\">\n\t\t\t\t<div class=\"elementor-widget-container\">\n\t\t\t\t\t\t\t\t\t\t\t\t\t\t\t<img loading=\"lazy\" decoding=\"async\" width=\"800\" height=\"800\" src=\"https:\/\/mtmobilya.com\/wp-content\/uploads\/2025\/04\/IMG-20250409-WA0029-1024x1024.jpg\" class=\"attachment-large size-large wp-image-156\" alt=\"\" srcset=\"https:\/\/mtmobilya.com\/wp-content\/uploads\/2025\/04\/IMG-20250409-WA0029-1024x1024.jpg 1024w, https:\/\/mtmobilya.com\/wp-content\/uploads\/2025\/04\/IMG-20250409-WA0029-300x300.jpg 300w, https:\/\/mtmobilya.com\/wp-content\/uploads\/2025\/04\/IMG-20250409-WA0029-150x150.jpg 150w, https:\/\/mtmobilya.com\/wp-content\/uploads\/2025\/04\/IMG-20250409-WA0029-768x768.jpg 768w, https:\/\/mtmobilya.com\/wp-content\/uploads\/2025\/04\/IMG-20250409-WA0029.jpg 1080w\" sizes=\"(max-width: 800px) 100vw, 800px\" \/>\t\t\t\t\t\t\t\t\t\t\t\t\t\t\t<\/div>\n\t\t\t\t<\/div>\n\t\t\t\t<div class=\"elementor-element elementor-element-4d6fedc4 elementor-widget elementor-widget-image\" data-id=\"4d6fedc4\" data-element_type=\"widget\" data-widget_type=\"image.default\">\n\t\t\t\t<div class=\"elementor-widget-container\">\n\t\t\t\t\t\t\t\t\t\t\t\t\t\t\t<img loading=\"lazy\" decoding=\"async\" width=\"800\" height=\"800\" src=\"https:\/\/mtmobilya.com\/wp-content\/uploads\/2025\/04\/IMG-20250409-WA0028-1024x1024.jpg\" class=\"attachment-large size-large wp-image-155\" alt=\"\" srcset=\"https:\/\/mtmobilya.com\/wp-content\/uploads\/2025\/04\/IMG-20250409-WA0028-1024x1024.jpg 1024w, https:\/\/mtmobilya.com\/wp-content\/uploads\/2025\/04\/IMG-20250409-WA0028-300x300.jpg 300w, https:\/\/mtmobilya.com\/wp-content\/uploads\/2025\/04\/IMG-20250409-WA0028-150x150.jpg 150w, https:\/\/mtmobilya.com\/wp-content\/uploads\/2025\/04\/IMG-20250409-WA0028-768x768.jpg 768w, https:\/\/mtmobilya.com\/wp-content\/uploads\/2025\/04\/IMG-20250409-WA0028.jpg 1080w\" sizes=\"(max-width: 800px) 100vw, 800px\" \/>\t\t\t\t\t\t\t\t\t\t\t\t\t\t\t<\/div>\n\t\t\t\t<\/div>\n\t\t\t\t\t<\/div>\n\t\t<\/div>\n\t\t\t\t<div class=\"elementor-column elementor-col-25 elementor-inner-column elementor-element elementor-element-3da4762a\" data-id=\"3da4762a\" data-element_type=\"column\">\n\t\t\t<div class=\"elementor-widget-wrap elementor-element-populated\">\n\t\t\t\t\t\t<div class=\"elementor-element elementor-element-4df3b9ea elementor-widget elementor-widget-image\" data-id=\"4df3b9ea\" data-element_type=\"widget\" data-widget_type=\"image.default\">\n\t\t\t\t<div class=\"elementor-widget-container\">\n\t\t\t\t\t\t\t\t\t\t\t\t\t\t\t<img loading=\"lazy\" decoding=\"async\" width=\"800\" height=\"600\" src=\"https:\/\/mtmobilya.com\/wp-content\/uploads\/2025\/04\/IMG-20250409-WA0044-1024x768.jpg\" class=\"attachment-large size-large wp-image-171\" alt=\"\" srcset=\"https:\/\/mtmobilya.com\/wp-content\/uploads\/2025\/04\/IMG-20250409-WA0044-1024x768.jpg 1024w, https:\/\/mtmobilya.com\/wp-content\/uploads\/2025\/04\/IMG-20250409-WA0044-300x225.jpg 300w, https:\/\/mtmobilya.com\/wp-content\/uploads\/2025\/04\/IMG-20250409-WA0044-768x576.jpg 768w, https:\/\/mtmobilya.com\/wp-content\/uploads\/2025\/04\/IMG-20250409-WA0044.jpg 1080w\" sizes=\"(max-width: 800px) 100vw, 800px\" \/>\t\t\t\t\t\t\t\t\t\t\t\t\t\t\t<\/div>\n\t\t\t\t<\/div>\n\t\t\t\t\t<\/div>\n\t\t<\/div>\n\t\t\t\t<div class=\"elementor-column elementor-col-25 elementor-inner-column elementor-element elementor-element-3ae600b7\" data-id=\"3ae600b7\" data-element_type=\"column\">\n\t\t\t<div class=\"elementor-widget-wrap elementor-element-populated\">\n\t\t\t\t\t\t<div class=\"elementor-element elementor-element-143741b8 elementor-widget elementor-widget-image\" data-id=\"143741b8\" data-element_type=\"widget\" data-widget_type=\"image.default\">\n\t\t\t\t<div class=\"elementor-widget-container\">\n\t\t\t\t\t\t\t\t\t\t\t\t\t\t\t<img loading=\"lazy\" decoding=\"async\" width=\"768\" height=\"1024\" src=\"https:\/\/mtmobilya.com\/wp-content\/uploads\/2025\/04\/IMG-20250409-WA0043-768x1024.jpg\" class=\"attachment-large size-large wp-image-170\" alt=\"\" srcset=\"https:\/\/mtmobilya.com\/wp-content\/uploads\/2025\/04\/IMG-20250409-WA0043-768x1024.jpg 768w, https:\/\/mtmobilya.com\/wp-content\/uploads\/2025\/04\/IMG-20250409-WA0043-225x300.jpg 225w, https:\/\/mtmobilya.com\/wp-content\/uploads\/2025\/04\/IMG-20250409-WA0043.jpg 1080w\" sizes=\"(max-width: 768px) 100vw, 768px\" \/>\t\t\t\t\t\t\t\t\t\t\t\t\t\t\t<\/div>\n\t\t\t\t<\/div>\n\t\t\t\t\t<\/div>\n\t\t<\/div>\n\t\t\t\t\t<\/div>\n\t\t<\/section>\n\t\t\t\t\t<\/div>\n\t\t<\/div>\n\t\t\t\t\t<\/div>\n\t\t<\/section>\n\t\t\t\t<\/div>\n\t\t","protected":false},"excerpt":{"rendered":"<p>\u00d6zg\u00fcn Tasar\u0131mlar\u0131n Bulu\u015fma Noktas\u0131 Zamana Meydan Okuyan \u00d6zg\u00fcn Tasar\u0131mlar Her detay\u0131nda ustal\u0131\u011f\u0131n izini ta\u015f\u0131yan, tamamen size \u00f6zel mobilya tasar\u0131mlar\u0131yla ya\u015fam alanlar\u0131n\u0131za karakter kat\u0131yoruz. Tasar\u0131mlar\u0131m\u0131z K\u0131saca Biz Yenilik ve Kalitenin Bulu\u015fma Noktas\u0131 MT MOB\u0130LYA TASARIM, 30 y\u0131ll\u0131k birikim ve sonsuz a\u015fk ile 2020\u2019de mobilya sekt\u00f6r\u00fcne ad\u0131m atm\u0131\u015ft\u0131r. Gen\u00e7, dinamik ve tecr\u00fcbeli ekibiyle yurt i\u00e7i ve yurt [&hellip;]<\/p>\n","protected":false},"author":1,"featured_media":0,"parent":0,"menu_order":0,"comment_status":"closed","ping_status":"closed","template":"elementor_header_footer","meta":{"footnotes":""},"class_list":["post-122","page","type-page","status-publish","hentry"],"_links":{"self":[{"href":"https:\/\/mtmobilya.com\/index.php\/wp-json\/wp\/v2\/pages\/122","targetHints":{"allow":["GET"]}}],"collection":[{"href":"https:\/\/mtmobilya.com\/index.php\/wp-json\/wp\/v2\/pages"}],"about":[{"href":"https:\/\/mtmobilya.com\/index.php\/wp-json\/wp\/v2\/types\/page"}],"author":[{"embeddable":true,"href":"https:\/\/mtmobilya.com\/index.php\/wp-json\/wp\/v2\/users\/1"}],"replies":[{"embeddable":true,"href":"https:\/\/mtmobilya.com\/index.php\/wp-json\/wp\/v2\/comments?post=122"}],"version-history":[{"count":7,"href":"https:\/\/mtmobilya.com\/index.php\/wp-json\/wp\/v2\/pages\/122\/revisions"}],"predecessor-version":[{"id":181,"href":"https:\/\/mtmobilya.com\/index.php\/wp-json\/wp\/v2\/pages\/122\/revisions\/181"}],"wp:attachment":[{"href":"https:\/\/mtmobilya.com\/index.php\/wp-json\/wp\/v2\/media?parent=122"}],"curies":[{"name":"wp","href":"https:\/\/api.w.org\/{rel}","templated":true}]}}