{"id":233,"date":"2025-04-14T12:53:32","date_gmt":"2025-04-14T09:53:32","guid":{"rendered":"https:\/\/mtmobilya.cyberadigital.com\/?page_id=233"},"modified":"2025-04-14T12:57:55","modified_gmt":"2025-04-14T09:57:55","slug":"hakkimizda","status":"publish","type":"page","link":"https:\/\/mtmobilya.com\/index.php\/hakkimizda\/","title":{"rendered":"Hakk\u0131m\u0131zda"},"content":{"rendered":"\t\t<div data-elementor-type=\"wp-page\" data-elementor-id=\"233\" class=\"elementor elementor-233\">\n\t\t\t\t\t\t<section class=\"elementor-section elementor-top-section elementor-element elementor-element-12243964 elementor-section-boxed elementor-section-height-default elementor-section-height-default\" data-id=\"12243964\" data-element_type=\"section\" data-settings=\"{&quot;background_background&quot;:&quot;classic&quot;}\">\n\t\t\t\t\t\t\t<div class=\"elementor-background-overlay\"><\/div>\n\t\t\t\t\t\t\t<div class=\"elementor-container elementor-column-gap-default\">\n\t\t\t\t\t<div class=\"elementor-column elementor-col-50 elementor-top-column elementor-element elementor-element-4e20007e\" data-id=\"4e20007e\" data-element_type=\"column\">\n\t\t\t<div class=\"elementor-widget-wrap elementor-element-populated\">\n\t\t\t\t\t\t<div class=\"elementor-element elementor-element-22af8569 elementor-widget elementor-widget-image\" data-id=\"22af8569\" data-element_type=\"widget\" data-widget_type=\"image.default\">\n\t\t\t\t<div class=\"elementor-widget-container\">\n\t\t\t\t\t\t\t\t\t\t\t\t\t\t\t<img fetchpriority=\"high\" decoding=\"async\" width=\"683\" height=\"1024\" src=\"https:\/\/mtmobilya.com\/wp-content\/uploads\/2025\/04\/home-office-decor-PB64RV9-683x1024.jpg\" class=\"attachment-large size-large wp-image-17\" alt=\"\" srcset=\"https:\/\/mtmobilya.com\/wp-content\/uploads\/2025\/04\/home-office-decor-PB64RV9-683x1024.jpg 683w, https:\/\/mtmobilya.com\/wp-content\/uploads\/2025\/04\/home-office-decor-PB64RV9-200x300.jpg 200w, https:\/\/mtmobilya.com\/wp-content\/uploads\/2025\/04\/home-office-decor-PB64RV9-768x1152.jpg 768w, https:\/\/mtmobilya.com\/wp-content\/uploads\/2025\/04\/home-office-decor-PB64RV9.jpg 800w\" sizes=\"(max-width: 683px) 100vw, 683px\" \/>\t\t\t\t\t\t\t\t\t\t\t\t\t\t\t<\/div>\n\t\t\t\t<\/div>\n\t\t\t\t<div class=\"elementor-element elementor-element-324f5e93 elementor-widget elementor-widget-image\" data-id=\"324f5e93\" data-element_type=\"widget\" data-widget_type=\"image.default\">\n\t\t\t\t<div class=\"elementor-widget-container\">\n\t\t\t\t\t\t\t\t\t\t\t\t\t\t\t<img decoding=\"async\" width=\"800\" height=\"534\" src=\"https:\/\/mtmobilya.com\/wp-content\/uploads\/2025\/04\/christmas-eve-and-new-year-decor-P5MQ9FD-1024x683.jpg\" class=\"attachment-large size-large wp-image-24\" alt=\"\" srcset=\"https:\/\/mtmobilya.com\/wp-content\/uploads\/2025\/04\/christmas-eve-and-new-year-decor-P5MQ9FD-1024x683.jpg 1024w, https:\/\/mtmobilya.com\/wp-content\/uploads\/2025\/04\/christmas-eve-and-new-year-decor-P5MQ9FD-300x200.jpg 300w, https:\/\/mtmobilya.com\/wp-content\/uploads\/2025\/04\/christmas-eve-and-new-year-decor-P5MQ9FD-768x512.jpg 768w, https:\/\/mtmobilya.com\/wp-content\/uploads\/2025\/04\/christmas-eve-and-new-year-decor-P5MQ9FD.jpg 1200w\" sizes=\"(max-width: 800px) 100vw, 800px\" \/>\t\t\t\t\t\t\t\t\t\t\t\t\t\t\t<\/div>\n\t\t\t\t<\/div>\n\t\t\t\t\t<\/div>\n\t\t<\/div>\n\t\t\t\t<div class=\"elementor-column elementor-col-50 elementor-top-column elementor-element elementor-element-68a1f408\" data-id=\"68a1f408\" data-element_type=\"column\">\n\t\t\t<div class=\"elementor-widget-wrap elementor-element-populated\">\n\t\t\t\t\t\t<div class=\"elementor-element elementor-element-269aeb07 elementor-widget elementor-widget-heading\" data-id=\"269aeb07\" data-element_type=\"widget\" data-widget_type=\"heading.default\">\n\t\t\t\t<div class=\"elementor-widget-container\">\n\t\t\t\t\t<h1 class=\"elementor-heading-title elementor-size-default\">Hakk\u0131m\u0131zda<\/h1>\t\t\t\t<\/div>\n\t\t\t\t<\/div>\n\t\t\t\t<div class=\"elementor-element elementor-element-bfd38de elementor-widget elementor-widget-text-editor\" data-id=\"bfd38de\" data-element_type=\"widget\" data-widget_type=\"text-editor.default\">\n\t\t\t\t<div class=\"elementor-widget-container\">\n\t\t\t\t\t\t\t\t\t<h3 class=\"\" data-start=\"177\" data-end=\"236\"><strong data-start=\"181\" data-end=\"234\">K\u0131saca Biz \u2013 Yenilik ve Kalitenin Bulu\u015fma Noktas\u0131<\/strong><\/h3><p class=\"\" data-start=\"237\" data-end=\"685\">MT MOB\u0130LYA TASARIM, 30 y\u0131l\u0131 a\u015fk\u0131n sekt\u00f6rel tecr\u00fcbenin ve mobilya tutkusunun bir araya gelmesiyle 2002 y\u0131l\u0131nda kurulmu\u015ftur. Kuruldu\u011fu g\u00fcnden bu yana gen\u00e7, dinamik ve alan\u0131nda uzman ekibiyle hem yurt i\u00e7i hem de yurt d\u0131\u015f\u0131ndaki projelerde g\u00fcvenilir bir \u00e7\u00f6z\u00fcm orta\u011f\u0131 olarak \u00f6ne \u00e7\u0131kmaktad\u0131r.<br data-start=\"522\" data-end=\"525\" \/>\u0130\u015fimizi d\u00fcr\u00fcstl\u00fckle y\u00fcr\u00fct\u00fcyor, her projede \u201cD\u00fcr\u00fcst Ticaret \u2013 Kaliteli \u0130\u015f\u00e7ilik\u201d prensibimizi temel al\u0131yoruz. Sadece \u00fcr\u00fcn de\u011fil, ayn\u0131 zamanda g\u00fcven in\u015fa ediyoruz.<\/p>\t\t\t\t\t\t\t\t<\/div>\n\t\t\t\t<\/div>\n\t\t\t\t\t<\/div>\n\t\t<\/div>\n\t\t\t\t\t<\/div>\n\t\t<\/section>\n\t\t\t\t<section class=\"elementor-section elementor-top-section elementor-element elementor-element-2893dd4c elementor-reverse-mobile elementor-section-boxed elementor-section-height-default elementor-section-height-default\" data-id=\"2893dd4c\" data-element_type=\"section\" data-settings=\"{&quot;background_background&quot;:&quot;classic&quot;}\">\n\t\t\t\t\t\t\t<div class=\"elementor-background-overlay\"><\/div>\n\t\t\t\t\t\t\t<div class=\"elementor-container elementor-column-gap-default\">\n\t\t\t\t\t<div class=\"elementor-column elementor-col-50 elementor-top-column elementor-element elementor-element-55692af9\" data-id=\"55692af9\" data-element_type=\"column\">\n\t\t\t<div class=\"elementor-widget-wrap elementor-element-populated\">\n\t\t\t\t\t\t<div class=\"elementor-element elementor-element-1917c71b elementor-widget__width-initial elementor-absolute elementor-widget elementor-widget-image\" data-id=\"1917c71b\" data-element_type=\"widget\" data-settings=\"{&quot;_position&quot;:&quot;absolute&quot;}\" data-widget_type=\"image.default\">\n\t\t\t\t<div class=\"elementor-widget-container\">\n\t\t\t\t\t\t\t\t\t\t\t\t\t\t\t<img decoding=\"async\" width=\"249\" height=\"268\" src=\"https:\/\/mtmobilya.com\/wp-content\/uploads\/2025\/04\/Circle2.png\" class=\"attachment-large size-large wp-image-31\" alt=\"\" \/>\t\t\t\t\t\t\t\t\t\t\t\t\t\t\t<\/div>\n\t\t\t\t<\/div>\n\t\t\t\t<div class=\"elementor-element elementor-element-5ba10fc1 elementor-widget__width-initial elementor-absolute elementor-hidden-tablet elementor-hidden-mobile elementor-widget elementor-widget-image\" data-id=\"5ba10fc1\" data-element_type=\"widget\" data-settings=\"{&quot;_position&quot;:&quot;absolute&quot;}\" data-widget_type=\"image.default\">\n\t\t\t\t<div class=\"elementor-widget-container\">\n\t\t\t\t\t\t\t\t\t\t\t\t\t\t\t<img decoding=\"async\" width=\"249\" height=\"268\" src=\"https:\/\/mtmobilya.com\/wp-content\/uploads\/2025\/04\/Circle2.png\" class=\"attachment-large size-large wp-image-31\" alt=\"\" \/>\t\t\t\t\t\t\t\t\t\t\t\t\t\t\t<\/div>\n\t\t\t\t<\/div>\n\t\t\t\t<div class=\"elementor-element elementor-element-4cbaef3a elementor-widget elementor-widget-heading\" data-id=\"4cbaef3a\" data-element_type=\"widget\" data-widget_type=\"heading.default\">\n\t\t\t\t<div class=\"elementor-widget-container\">\n\t\t\t\t\t<h2 class=\"elementor-heading-title elementor-size-default\">\u00dcretim G\u00fcc\u00fcm\u00fcz ve Vizyonumuz<\/h2>\t\t\t\t<\/div>\n\t\t\t\t<\/div>\n\t\t\t\t<div class=\"elementor-element elementor-element-4676ed8a elementor-widget elementor-widget-text-editor\" data-id=\"4676ed8a\" data-element_type=\"widget\" data-widget_type=\"text-editor.default\">\n\t\t\t\t<div class=\"elementor-widget-container\">\n\t\t\t\t\t\t\t\t\t<p>1000 m\u00b2 ve 2500 m\u00b2\u2019lik iki ayr\u0131 tesiste, metal i\u015f\u00e7ili\u011finden mobilya \u00fcretimine, boyama ve d\u00f6\u015feme s\u00fcre\u00e7lerine kadar t\u00fcm \u00fcretimi kendi b\u00fcnyemizde ger\u00e7ekle\u015ftiriyoruz. Bu entegre \u00fcretim altyap\u0131m\u0131z sayesinde kalite kontrol\u00fcn\u00fc en \u00fcst seviyede tutarak zaman\u0131nda ve eksiksiz teslimat sa\u011fl\u0131yoruz.<br data-start=\"1017\" data-end=\"1020\" \/>Misyonumuz, her detay\u0131nda kalite ve \u00f6zg\u00fcnl\u00fck bar\u0131nd\u0131ran projelerle m\u00fc\u015fteri beklentilerini a\u015fmak; vizyonumuz ise yenilik\u00e7i tasar\u0131m anlay\u0131\u015f\u0131m\u0131z ve \u00fcst\u00fcn \u00fcr\u00fcn kalitemiz ile yurti\u00e7inde ve yurtd\u0131\u015f\u0131nda \u00f6nc\u00fc ve tercih edilen bir marka olmakt\u0131r.<\/p>\t\t\t\t\t\t\t\t<\/div>\n\t\t\t\t<\/div>\n\t\t\t\t\t<\/div>\n\t\t<\/div>\n\t\t\t\t<div class=\"elementor-column elementor-col-50 elementor-top-column elementor-element elementor-element-7490edb3\" data-id=\"7490edb3\" data-element_type=\"column\">\n\t\t\t<div class=\"elementor-widget-wrap elementor-element-populated\">\n\t\t\t\t\t\t<div class=\"elementor-element elementor-element-6847ece4 elementor-widget elementor-widget-image\" data-id=\"6847ece4\" data-element_type=\"widget\" data-widget_type=\"image.default\">\n\t\t\t\t<div class=\"elementor-widget-container\">\n\t\t\t\t\t\t\t\t\t\t\t\t\t\t\t<img loading=\"lazy\" decoding=\"async\" width=\"800\" height=\"534\" src=\"https:\/\/mtmobilya.com\/wp-content\/uploads\/2025\/04\/open-space-living-room-PXVNCWJ-1024x683.jpg\" class=\"attachment-large size-large wp-image-36\" alt=\"\" srcset=\"https:\/\/mtmobilya.com\/wp-content\/uploads\/2025\/04\/open-space-living-room-PXVNCWJ-1024x683.jpg 1024w, https:\/\/mtmobilya.com\/wp-content\/uploads\/2025\/04\/open-space-living-room-PXVNCWJ-300x200.jpg 300w, https:\/\/mtmobilya.com\/wp-content\/uploads\/2025\/04\/open-space-living-room-PXVNCWJ-768x512.jpg 768w, https:\/\/mtmobilya.com\/wp-content\/uploads\/2025\/04\/open-space-living-room-PXVNCWJ.jpg 1200w\" sizes=\"(max-width: 800px) 100vw, 800px\" \/>\t\t\t\t\t\t\t\t\t\t\t\t\t\t\t<\/div>\n\t\t\t\t<\/div>\n\t\t\t\t<div class=\"elementor-element elementor-element-2d8a07b0 elementor-widget elementor-widget-image\" data-id=\"2d8a07b0\" data-element_type=\"widget\" data-widget_type=\"image.default\">\n\t\t\t\t<div class=\"elementor-widget-container\">\n\t\t\t\t\t\t\t\t\t\t\t\t\t\t\t<img loading=\"lazy\" decoding=\"async\" width=\"800\" height=\"534\" src=\"https:\/\/mtmobilya.com\/wp-content\/uploads\/2025\/04\/bright-living-room-interior-with-macrame-on-the-wa-YG2ADUZ-1024x683.jpg\" class=\"attachment-large size-large wp-image-20\" alt=\"\" srcset=\"https:\/\/mtmobilya.com\/wp-content\/uploads\/2025\/04\/bright-living-room-interior-with-macrame-on-the-wa-YG2ADUZ-1024x683.jpg 1024w, https:\/\/mtmobilya.com\/wp-content\/uploads\/2025\/04\/bright-living-room-interior-with-macrame-on-the-wa-YG2ADUZ-300x200.jpg 300w, https:\/\/mtmobilya.com\/wp-content\/uploads\/2025\/04\/bright-living-room-interior-with-macrame-on-the-wa-YG2ADUZ-768x512.jpg 768w, https:\/\/mtmobilya.com\/wp-content\/uploads\/2025\/04\/bright-living-room-interior-with-macrame-on-the-wa-YG2ADUZ.jpg 1200w\" sizes=\"(max-width: 800px) 100vw, 800px\" \/>\t\t\t\t\t\t\t\t\t\t\t\t\t\t\t<\/div>\n\t\t\t\t<\/div>\n\t\t\t\t\t<\/div>\n\t\t<\/div>\n\t\t\t\t\t<\/div>\n\t\t<\/section>\n\t\t\t\t<section class=\"elementor-section elementor-top-section elementor-element elementor-element-5b5ce8de elementor-section-boxed elementor-section-height-default elementor-section-height-default\" data-id=\"5b5ce8de\" data-element_type=\"section\" data-settings=\"{&quot;background_background&quot;:&quot;gradient&quot;}\">\n\t\t\t\t\t\t\t<div class=\"elementor-background-overlay\"><\/div>\n\t\t\t\t\t\t\t<div class=\"elementor-container elementor-column-gap-default\">\n\t\t\t\t\t<div class=\"elementor-column elementor-col-100 elementor-top-column elementor-element elementor-element-4c3435b8\" data-id=\"4c3435b8\" data-element_type=\"column\">\n\t\t\t<div class=\"elementor-widget-wrap\">\n\t\t\t\t\t\t\t<\/div>\n\t\t<\/div>\n\t\t\t\t\t<\/div>\n\t\t<\/section>\n\t\t\t\t<\/div>\n\t\t","protected":false},"excerpt":{"rendered":"<p>Hakk\u0131m\u0131zda K\u0131saca Biz \u2013 Yenilik ve Kalitenin Bulu\u015fma Noktas\u0131 MT MOB\u0130LYA TASARIM, 30 y\u0131l\u0131 a\u015fk\u0131n sekt\u00f6rel tecr\u00fcbenin ve mobilya tutkusunun bir araya gelmesiyle 2002 y\u0131l\u0131nda kurulmu\u015ftur. Kuruldu\u011fu g\u00fcnden bu yana gen\u00e7, dinamik ve alan\u0131nda uzman ekibiyle hem yurt i\u00e7i hem de yurt d\u0131\u015f\u0131ndaki projelerde g\u00fcvenilir bir \u00e7\u00f6z\u00fcm orta\u011f\u0131 olarak \u00f6ne \u00e7\u0131kmaktad\u0131r.\u0130\u015fimizi d\u00fcr\u00fcstl\u00fckle y\u00fcr\u00fct\u00fcyor, her projede [&hellip;]<\/p>\n","protected":false},"author":1,"featured_media":0,"parent":0,"menu_order":0,"comment_status":"closed","ping_status":"closed","template":"elementor_header_footer","meta":{"footnotes":""},"class_list":["post-233","page","type-page","status-publish","hentry"],"_links":{"self":[{"href":"https:\/\/mtmobilya.com\/index.php\/wp-json\/wp\/v2\/pages\/233","targetHints":{"allow":["GET"]}}],"collection":[{"href":"https:\/\/mtmobilya.com\/index.php\/wp-json\/wp\/v2\/pages"}],"about":[{"href":"https:\/\/mtmobilya.com\/index.php\/wp-json\/wp\/v2\/types\/page"}],"author":[{"embeddable":true,"href":"https:\/\/mtmobilya.com\/index.php\/wp-json\/wp\/v2\/users\/1"}],"replies":[{"embeddable":true,"href":"https:\/\/mtmobilya.com\/index.php\/wp-json\/wp\/v2\/comments?post=233"}],"version-history":[{"count":7,"href":"https:\/\/mtmobilya.com\/index.php\/wp-json\/wp\/v2\/pages\/233\/revisions"}],"predecessor-version":[{"id":244,"href":"https:\/\/mtmobilya.com\/index.php\/wp-json\/wp\/v2\/pages\/233\/revisions\/244"}],"wp:attachment":[{"href":"https:\/\/mtmobilya.com\/index.php\/wp-json\/wp\/v2\/media?parent=233"}],"curies":[{"name":"wp","href":"https:\/\/api.w.org\/{rel}","templated":true}]}}